{"id":15,"date":"2018-07-08T22:50:21","date_gmt":"2018-07-08T20:50:21","guid":{"rendered":"http:\/\/woodpeckers-bkh.de\/?page_id=15"},"modified":"2026-03-15T15:01:20","modified_gmt":"2026-03-15T14:01:20","slug":"home","status":"publish","type":"page","link":"https:\/\/woodpeckers-bkh.de\/en\/","title":{"rendered":"HOME"},"content":{"rendered":"<p><img decoding=\"async\" loading=\"lazy\" src=\"https:\/\/woodpeckers-bkh.de\/wp-content\/uploads\/2023\/05\/FE44159E-C323-437B-AF7D-1D83278A340F.jpg\" alt=\"\" width=\"1440\" height=\"1276\" class=\"aligncenter size-full wp-image-5948\" \/><br \/>\nWelcome to our loving BKH hobby kennel \"From Woodpecker's Cradle\".<\/p>\n<p>Mein Name ist Nadine und ich z\u00fcchte in der N\u00e4he von Berlin \u2013 ganz genau in dem wundersch\u00f6nen und ruhigen Ort Eberswalde \u2013 in einer kleinen vereinszugeh\u00f6rigen Hobbyzucht Britisch Kurzhaar (BKH) Rassekatzen.<br \/>\nWir z\u00fcchten ordnungsgem\u00e4\u00df nach \u00a711 Abs.1 Satz 1 Nr.8a mit Ahnentafel und geh\u00f6ren dem Zuchtverband Wests\u00e4chsicher Cat Club e.V. an.<\/p>\n<p>Im Mittelpunkt meiner Zucht stehen die Farbvarianten Blue, Black und Cream. All diese Farben z\u00fcchte ich in den Varianten solid, bicolor, tricolor und tortie.<\/p>\n<p>I am pleased that you are visiting our website, take your time to look around and feel free to contact us. Visit us on <a href=\"https:\/\/www.facebook.com\/nadine.rombach.5\" target=\"_blank\" rel=\"noopener\">Facebook<\/a> and <a href=\"https:\/\/www.instagram.com\/woodpeckers_cradle_cattery\/\" target=\"_blank\" rel=\"noopener\">Instagram<\/a>!<\/p>\n<p>Sincerely yours<\/p>\n<p><img decoding=\"async\" class=\"alignnone size-full wp-image-346\" src=\"https:\/\/woodpeckers-bkh.de\/wp-content\/uploads\/2026\/03\/signet_neu.gif\" \/><\/p>","protected":false},"excerpt":{"rendered":"<p>Herzlich willkommen in unserer liebevollen BKH-Hobbyzucht &#8222;From Woodpecker&#8217;s Cradle&#8220;. Mein Name ist Nadine und ich z\u00fcchte in der N\u00e4he von Berlin \u2013 ganz genau in dem wundersch\u00f6nen und ruhigen Ort Eberswalde \u2013 in einer kleinen vereinszugeh\u00f6rigen Hobbyzucht Britisch Kurzhaar (BKH) Rassekatzen. Wir z\u00fcchten ordnungsgem\u00e4\u00df nach \u00a711 Abs.1 Satz 1 Nr.8a mit Ahnentafel und geh\u00f6ren dem [&hellip;]<\/p>\n","protected":false},"author":1,"featured_media":0,"parent":0,"menu_order":0,"comment_status":"closed","ping_status":"closed","template":"","meta":{"footnotes":""},"_links":{"self":[{"href":"https:\/\/woodpeckers-bkh.de\/en\/wp-json\/wp\/v2\/pages\/15"}],"collection":[{"href":"https:\/\/woodpeckers-bkh.de\/en\/wp-json\/wp\/v2\/pages"}],"about":[{"href":"https:\/\/woodpeckers-bkh.de\/en\/wp-json\/wp\/v2\/types\/page"}],"author":[{"embeddable":true,"href":"https:\/\/woodpeckers-bkh.de\/en\/wp-json\/wp\/v2\/users\/1"}],"replies":[{"embeddable":true,"href":"https:\/\/woodpeckers-bkh.de\/en\/wp-json\/wp\/v2\/comments?post=15"}],"version-history":[{"count":45,"href":"https:\/\/woodpeckers-bkh.de\/en\/wp-json\/wp\/v2\/pages\/15\/revisions"}],"predecessor-version":[{"id":7786,"href":"https:\/\/woodpeckers-bkh.de\/en\/wp-json\/wp\/v2\/pages\/15\/revisions\/7786"}],"wp:attachment":[{"href":"https:\/\/woodpeckers-bkh.de\/en\/wp-json\/wp\/v2\/media?parent=15"}],"curies":[{"name":"wp","href":"https:\/\/api.w.org\/{rel}","templated":true}]}}