{"id":58,"date":"2018-07-09T13:48:17","date_gmt":"2018-07-09T11:48:17","guid":{"rendered":"http:\/\/woodpeckers-bkh.de\/?page_id=58"},"modified":"2022-09-26T20:59:27","modified_gmt":"2022-09-26T18:59:27","slug":"kater","status":"publish","type":"page","link":"https:\/\/woodpeckers-bkh.de\/en\/kater\/","title":{"rendered":"MALE CATS"},"content":{"rendered":"<p><img decoding=\"async\" loading=\"lazy\" class=\"alignnone size-full wp-image-414\" src=\"https:\/\/woodpeckers-bkh.de\/wp-content\/uploads\/2018\/07\/katzen-1.jpg\" alt=\"\" width=\"937\" height=\"379\" srcset=\"https:\/\/woodpeckers-bkh.de\/wp-content\/uploads\/2018\/07\/katzen-1.jpg 937w, https:\/\/woodpeckers-bkh.de\/wp-content\/uploads\/2018\/07\/katzen-1-300x121.jpg 300w, https:\/\/woodpeckers-bkh.de\/wp-content\/uploads\/2018\/07\/katzen-1-768x311.jpg 768w\" sizes=\"(max-width: 937px) 100vw, 937px\" \/><br \/>\nOur cats introduce themselves on these pages.<\/p>\n<blockquote><p>Mating conditions:<\/p><\/blockquote>\n<p><em>You are a member of a club.<br \/>\nYour cat has all relevant vaccinations, which are not older than 12 months.<br \/>\nYour cat was recently tested negative for FIV and FeLV and you can provide a copy of this (test not older than 3 months).<br \/>\nThe mating fee is to be paid when the cat is handed over.<br \/>\nYour cat does not have fleas, other parasites or skin diseases.<br \/>\nWe accept only a very limited number of female cats for mating. In principle, our tomcats can only cover cats if they are HCM-negative and PKD-negative tested\/scanned (for females older than 1.5 years).<\/em><\/p>","protected":false},"excerpt":{"rendered":"<p>Auf diesen Seiten stellen sich unsere Kater vor. Deckbedingungen: Sie sind Mitglied in einem Verein. Ihre Katze hat alle entsprechenden Impfungen, welche nicht \u00e4lter als 12 Monate sind. Ihre Katze wurde vor kurzem negativ FIV und FeLV getestet und Sie k\u00f6nnen dieses per Kopie nachweisen (Test&#8217;s nicht \u00e4lter als 3 Monate). Die Decktaxe ist bei [&hellip;]<\/p>\n","protected":false},"author":1,"featured_media":0,"parent":0,"menu_order":31,"comment_status":"closed","ping_status":"closed","template":"fullwidth-page.php","meta":{"footnotes":""},"_links":{"self":[{"href":"https:\/\/woodpeckers-bkh.de\/en\/wp-json\/wp\/v2\/pages\/58"}],"collection":[{"href":"https:\/\/woodpeckers-bkh.de\/en\/wp-json\/wp\/v2\/pages"}],"about":[{"href":"https:\/\/woodpeckers-bkh.de\/en\/wp-json\/wp\/v2\/types\/page"}],"author":[{"embeddable":true,"href":"https:\/\/woodpeckers-bkh.de\/en\/wp-json\/wp\/v2\/users\/1"}],"replies":[{"embeddable":true,"href":"https:\/\/woodpeckers-bkh.de\/en\/wp-json\/wp\/v2\/comments?post=58"}],"version-history":[{"count":46,"href":"https:\/\/woodpeckers-bkh.de\/en\/wp-json\/wp\/v2\/pages\/58\/revisions"}],"predecessor-version":[{"id":6433,"href":"https:\/\/woodpeckers-bkh.de\/en\/wp-json\/wp\/v2\/pages\/58\/revisions\/6433"}],"wp:attachment":[{"href":"https:\/\/woodpeckers-bkh.de\/en\/wp-json\/wp\/v2\/media?parent=58"}],"curies":[{"name":"wp","href":"https:\/\/api.w.org\/{rel}","templated":true}]}}