{"id":63,"date":"2018-07-09T13:49:16","date_gmt":"2018-07-09T11:49:16","guid":{"rendered":"http:\/\/woodpeckers-bkh.de\/?page_id=63"},"modified":"2023-03-23T11:27:27","modified_gmt":"2023-03-23T10:27:27","slug":"wuerfe","status":"publish","type":"page","link":"https:\/\/woodpeckers-bkh.de\/en\/wuerfe\/","title":{"rendered":"LITTERS"},"content":{"rendered":"<p><div class=\"column-half first\"><a href=\"https:\/\/woodpeckers-bkh.de\/en\/katzen\/wuerfe\/aktueller-wurf\/\"><img decoding=\"async\" loading=\"lazy\" class=\"alignnone size-full wp-image-300\" src=\"https:\/\/woodpeckers-bkh.de\/wp-content\/uploads\/2023\/03\/litterannouncement.gif\" alt=\"\" width=\"322\" height=\"65\" \/><\/a><\/div>\n<div class=\"column-half second\"><a href=\"https:\/\/woodpeckers-bkh.de\/en\/katzen\/wuerfe\/alle-wuerfe\/\"><img decoding=\"async\" loading=\"lazy\" class=\"alignnone size-full wp-image-301\" src=\"https:\/\/woodpeckers-bkh.de\/wp-content\/uploads\/2023\/03\/alllitters.gif\" alt=\"\" width=\"232\" height=\"65\" \/><\/a><\/div><\/p>\n<p><img decoding=\"async\" loading=\"lazy\" class=\"alignnone size-full wp-image-172\" src=\"https:\/\/woodpeckers-bkh.de\/wp-content\/uploads\/2021\/03\/Balmain-geschnitten-mit-Wasserzeichen.jpg\" alt=\"\" width=\"940\" height=\"380\" \/><\/p>\n<h5>status statements<\/h5>\n<p><strong>free<\/strong>: The kitten is still looking for a home.<br \/>\n<strong>under observation<\/strong>: The kitten is under own\/other observation as a breeding cat, but has not yet been permanently assigned.<br \/>\n<strong>reserved<\/strong>: There are interested parties who have not yet made a final decision. Inquiries are still being accepted.<br \/>\n<strong>awarded<\/strong>: The contract of sale for this kitten has been signed.<br \/>\n<strong>staying<\/strong>: It is decided, the kitten will stay with us.<\/p>","protected":false},"excerpt":{"rendered":"<p>Statusmeldungen frei: Das K\u00e4tzchen sucht noch ein Zuhause. unter Beobachtung: Das K\u00e4tzchen steht als Zuchtkatze unter eigener\/fremder Beobachtung, wurde aber noch nicht fest zugeordnet. reserviert: Es gibt Interessenten, die noch keine endg\u00fcltige Entscheidung getroffen haben. Anfragen werden weiterhin entgegengenommen. vergeben: Der Kaufvertrag f\u00fcr dieses K\u00e4tzchen ist unterschrieben. bleibend: Es ist entschieden, das K\u00e4tzchen bleibt bei [&hellip;]<\/p>\n","protected":false},"author":1,"featured_media":0,"parent":0,"menu_order":32,"comment_status":"closed","ping_status":"closed","template":"fullwidth-page.php","meta":{"footnotes":""},"_links":{"self":[{"href":"https:\/\/woodpeckers-bkh.de\/en\/wp-json\/wp\/v2\/pages\/63"}],"collection":[{"href":"https:\/\/woodpeckers-bkh.de\/en\/wp-json\/wp\/v2\/pages"}],"about":[{"href":"https:\/\/woodpeckers-bkh.de\/en\/wp-json\/wp\/v2\/types\/page"}],"author":[{"embeddable":true,"href":"https:\/\/woodpeckers-bkh.de\/en\/wp-json\/wp\/v2\/users\/1"}],"replies":[{"embeddable":true,"href":"https:\/\/woodpeckers-bkh.de\/en\/wp-json\/wp\/v2\/comments?post=63"}],"version-history":[{"count":64,"href":"https:\/\/woodpeckers-bkh.de\/en\/wp-json\/wp\/v2\/pages\/63\/revisions"}],"predecessor-version":[{"id":6703,"href":"https:\/\/woodpeckers-bkh.de\/en\/wp-json\/wp\/v2\/pages\/63\/revisions\/6703"}],"wp:attachment":[{"href":"https:\/\/woodpeckers-bkh.de\/en\/wp-json\/wp\/v2\/media?parent=63"}],"curies":[{"name":"wp","href":"https:\/\/api.w.org\/{rel}","templated":true}]}}