{"id":7787,"date":"2026-03-15T15:12:32","date_gmt":"2026-03-15T14:12:32","guid":{"rendered":"https:\/\/woodpeckers-bkh.de\/?page_id=7787"},"modified":"2026-04-02T14:59:53","modified_gmt":"2026-04-02T12:59:53","slug":"barf-bestellen","status":"publish","type":"page","link":"https:\/\/woodpeckers-bkh.de\/en\/barf-bestellen\/","title":{"rendered":"Barf bestellen"},"content":{"rendered":"<p>Wir freuen uns, ab sofort <a href=\"https:\/\/woodpeckers-bkh.de\/barf-bestellen\/agb-infos-preise\/\">Fertigbarf<\/a> zur Bestellung anbieten zu k\u00f6nnen. Unser Futter ist ein Alleinfuttermittel und ist als Fleisch- oder Fischvariante erh\u00e4ltlich. Unsere Rezepte werden individuell an den Bedarf Ihrer Katze(n) angepasst und k\u00f6nnen entweder per Versand erhalten oder in Eberswalde abgeholt werden. <\/p>\n<p>Bitte f\u00fcllen Sie das unten stehende Bestellformular aus. Erst nach Eingang des Kaufpreises auf unserem Konto wird mit der Produktion begonnen und das Futter anschlie\u00dfend tiefgefroren versandt. <\/p>\n<style id=\"wpforms-css-vars-7793\">\n\t\t\t\t#wpforms-7793 {\n\t\t\t\t--wpforms-field-border-color: #407a6c;\n--wpforms-field-border-color-spare: #407a6c;\n--wpforms-field-text-color: #404041;\n--wpforms-label-color: rgba(0, 0, 0, 0.85);\n--wpforms-label-sublabel-color: rgba(0, 0, 0, 0.55);\n--wpforms-button-background-color: #407a6c;\n--wpforms-container-padding: 0px;\n--wpforms-container-border-width: 1px;\n--wpforms-container-border-radius: 3px;\n--wpforms-background-color: rgba(0, 0, 0, 0);\n--wpforms-field-size-input-height: 43px;\n--wpforms-field-size-input-spacing: 15px;\n--wpforms-field-size-font-size: 16px;\n--wpforms-field-size-line-height: 19px;\n--wpforms-field-size-padding-h: 14px;\n--wpforms-field-size-checkbox-size: 16px;\n--wpforms-field-size-sublabel-spacing: 5px;\n--wpforms-field-size-icon-size: 1;\n--wpforms-label-size-font-size: 16px;\n--wpforms-label-size-line-height: 19px;\n--wpforms-label-size-sublabel-font-size: 14px;\n--wpforms-label-size-sublabel-line-height: 17px;\n--wpforms-button-size-font-size: 17px;\n--wpforms-button-size-height: 41px;\n--wpforms-button-size-padding-h: 15px;\n--wpforms-button-size-margin-top: 10px;\n--wpforms-container-shadow-size-box-shadow: none;\n\t\t\t}\n\t\t\t<\/style><div class=\"wpforms-container wpforms-container-full wpforms-render-modern\" id=\"wpforms-7793\"><form id=\"wpforms-form-7793\" class=\"wpforms-validate wpforms-form wpforms-ajax-form\" data-formid=\"7793\" method=\"post\" enctype=\"multipart\/form-data\" action=\"\/en\/wp-json\/wp\/v2\/pages\/7787\" data-token=\"770fe7b180ae7f311b9e512136e755d3\" data-token-time=\"1777495550\"><noscript class=\"wpforms-error-noscript\">Please enable JavaScript in your browser to complete this form.<\/noscript><div id=\"wpforms-error-noscript\" style=\"display: none;\">Please enable JavaScript in your browser to complete this form.<\/div><div class=\"wpforms-field-container\"><div id=\"wpforms-7793-field_3-container\" class=\"wpforms-field wpforms-field-name\" data-field-id=\"3\"><fieldset><legend class=\"wpforms-field-label\">Name <span class=\"wpforms-required-label\" aria-hidden=\"true\">*<\/span><\/legend><div class=\"wpforms-field-row wpforms-field-medium\"><div class=\"wpforms-field-row-block wpforms-first wpforms-one-half\"><input type=\"text\" id=\"wpforms-7793-field_3\" class=\"wpforms-field-name-first wpforms-field-required\" name=\"wpforms[fields][3][first]\" aria-errormessage=\"wpforms-7793-field_3-error\" required><label for=\"wpforms-7793-field_3\" class=\"wpforms-field-sublabel after\">First<\/label><\/div><div class=\"wpforms-field-row-block wpforms-one-half\"><input type=\"text\" id=\"wpforms-7793-field_3-last\" class=\"wpforms-field-name-last wpforms-field-required\" name=\"wpforms[fields][3][last]\" aria-errormessage=\"wpforms-7793-field_3-last-error\" required><label for=\"wpforms-7793-field_3-last\" class=\"wpforms-field-sublabel after\">Last<\/label><\/div><\/div><\/fieldset><\/div><div id=\"wpforms-7793-field_13-container\" class=\"wpforms-field wpforms-field-text\" data-field-id=\"13\"><label class=\"wpforms-field-label\" for=\"wpforms-7793-field_13\">Rechnungsanschrift<\/label><input type=\"text\" id=\"wpforms-7793-field_13\" class=\"wpforms-field-large\" name=\"wpforms[fields][13]\" aria-errormessage=\"wpforms-7793-field_13-error\" aria-describedby=\"wpforms-7793-field_13-description\" ><div id=\"wpforms-7793-field_13-description\" class=\"wpforms-field-description\">Bitte geben Sie Stra\u00dfe, Hausnummer, Postleitzahl und Wohnort an.<\/div><\/div><div id=\"wpforms-7793-field_4-container\" class=\"wpforms-field wpforms-field-email\" data-field-id=\"4\"><label class=\"wpforms-field-label\" for=\"wpforms-7793-field_4\">E-Mail-Adresse <span class=\"wpforms-required-label\" aria-hidden=\"true\">*<\/span><\/label><input type=\"email\" id=\"wpforms-7793-field_4\" class=\"wpforms-field-medium wpforms-field-required\" name=\"wpforms[fields][4]\" spellcheck=\"false\" aria-errormessage=\"wpforms-7793-field_4-error\" required><\/div><div id=\"wpforms-7793-field_17-container\" class=\"wpforms-field wpforms-field-text\" data-field-id=\"17\"><label class=\"wpforms-field-label\" for=\"wpforms-7793-field_17\">Telefonnummer<\/label><input type=\"text\" id=\"wpforms-7793-field_17\" class=\"wpforms-field-medium\" name=\"wpforms[fields][17]\" aria-errormessage=\"wpforms-7793-field_17-error\" aria-describedby=\"wpforms-7793-field_17-description\" ><div id=\"wpforms-7793-field_17-description\" class=\"wpforms-field-description\">F\u00fcr R\u00fcckfragen geben Sie bitte Ihre Telefonnummer an.<\/div><\/div><div id=\"wpforms-7793-field_18-container\" class=\"wpforms-field wpforms-field-checkbox wpforms-list-inline\" data-field-id=\"18\"><fieldset><legend class=\"wpforms-field-label\">Zustellung<\/legend><ul id=\"wpforms-7793-field_18\"><li class=\"choice-1 depth-1\"><input type=\"checkbox\" id=\"wpforms-7793-field_18_1\" name=\"wpforms[fields][18][]\" value=\"Abholung in Eberswalde\" aria-errormessage=\"wpforms-7793-field_18_1-error\"  ><label class=\"wpforms-field-label-inline\" for=\"wpforms-7793-field_18_1\">Abholung in Eberswalde<\/label><\/li><li class=\"choice-2 depth-1\"><input type=\"checkbox\" id=\"wpforms-7793-field_18_2\" name=\"wpforms[fields][18][]\" value=\"Versand (tiefgefroren)\" aria-errormessage=\"wpforms-7793-field_18_2-error\"  ><label class=\"wpforms-field-label-inline\" for=\"wpforms-7793-field_18_2\">Versand (tiefgefroren)<\/label><\/li><\/ul><\/fieldset><\/div><div id=\"wpforms-7793-field_14-container\" class=\"wpforms-field wpforms-field-checkbox wpforms-list-inline\" data-field-id=\"14\"><fieldset><legend class=\"wpforms-field-label\">Fleisch- und Fischsorten<\/legend><ul id=\"wpforms-7793-field_14\"><li class=\"choice-1 depth-1\"><input type=\"checkbox\" id=\"wpforms-7793-field_14_1\" name=\"wpforms[fields][14][]\" value=\"Huhn\" aria-errormessage=\"wpforms-7793-field_14_1-error\" aria-describedby=\"wpforms-7793-field_14-description\"  ><label class=\"wpforms-field-label-inline\" for=\"wpforms-7793-field_14_1\">Huhn<\/label><\/li><li class=\"choice-2 depth-1\"><input type=\"checkbox\" id=\"wpforms-7793-field_14_2\" name=\"wpforms[fields][14][]\" value=\"Pute\" aria-errormessage=\"wpforms-7793-field_14_2-error\" aria-describedby=\"wpforms-7793-field_14-description\"  ><label class=\"wpforms-field-label-inline\" for=\"wpforms-7793-field_14_2\">Pute<\/label><\/li><li class=\"choice-3 depth-1\"><input type=\"checkbox\" id=\"wpforms-7793-field_14_3\" name=\"wpforms[fields][14][]\" value=\"Rind\" aria-errormessage=\"wpforms-7793-field_14_3-error\" aria-describedby=\"wpforms-7793-field_14-description\"  ><label class=\"wpforms-field-label-inline\" for=\"wpforms-7793-field_14_3\">Rind<\/label><\/li><li class=\"choice-11 depth-1\"><input type=\"checkbox\" id=\"wpforms-7793-field_14_11\" name=\"wpforms[fields][14][]\" value=\"Kalb\" aria-errormessage=\"wpforms-7793-field_14_11-error\" aria-describedby=\"wpforms-7793-field_14-description\"  ><label class=\"wpforms-field-label-inline\" for=\"wpforms-7793-field_14_11\">Kalb<\/label><\/li><li class=\"choice-10 depth-1\"><input type=\"checkbox\" id=\"wpforms-7793-field_14_10\" name=\"wpforms[fields][14][]\" value=\"Lamm\" aria-errormessage=\"wpforms-7793-field_14_10-error\" aria-describedby=\"wpforms-7793-field_14-description\"  ><label class=\"wpforms-field-label-inline\" for=\"wpforms-7793-field_14_10\">Lamm<\/label><\/li><li class=\"choice-9 depth-1\"><input type=\"checkbox\" id=\"wpforms-7793-field_14_9\" name=\"wpforms[fields][14][]\" value=\"Hirsch\" aria-errormessage=\"wpforms-7793-field_14_9-error\" aria-describedby=\"wpforms-7793-field_14-description\"  ><label class=\"wpforms-field-label-inline\" for=\"wpforms-7793-field_14_9\">Hirsch<\/label><\/li><li class=\"choice-8 depth-1\"><input type=\"checkbox\" id=\"wpforms-7793-field_14_8\" name=\"wpforms[fields][14][]\" value=\"Reh\" aria-errormessage=\"wpforms-7793-field_14_8-error\" aria-describedby=\"wpforms-7793-field_14-description\"  ><label class=\"wpforms-field-label-inline\" for=\"wpforms-7793-field_14_8\">Reh<\/label><\/li><li class=\"choice-7 depth-1\"><input type=\"checkbox\" id=\"wpforms-7793-field_14_7\" name=\"wpforms[fields][14][]\" value=\"K\u00e4nguru\" aria-errormessage=\"wpforms-7793-field_14_7-error\" aria-describedby=\"wpforms-7793-field_14-description\"  ><label class=\"wpforms-field-label-inline\" for=\"wpforms-7793-field_14_7\">K\u00e4nguru<\/label><\/li><li class=\"choice-6 depth-1\"><input type=\"checkbox\" id=\"wpforms-7793-field_14_6\" name=\"wpforms[fields][14][]\" value=\"Gans\" aria-errormessage=\"wpforms-7793-field_14_6-error\" aria-describedby=\"wpforms-7793-field_14-description\"  ><label class=\"wpforms-field-label-inline\" for=\"wpforms-7793-field_14_6\">Gans<\/label><\/li><li class=\"choice-5 depth-1\"><input type=\"checkbox\" id=\"wpforms-7793-field_14_5\" name=\"wpforms[fields][14][]\" value=\"Ente\" aria-errormessage=\"wpforms-7793-field_14_5-error\" aria-describedby=\"wpforms-7793-field_14-description\"  ><label class=\"wpforms-field-label-inline\" for=\"wpforms-7793-field_14_5\">Ente<\/label><\/li><li class=\"choice-4 depth-1\"><input type=\"checkbox\" id=\"wpforms-7793-field_14_4\" name=\"wpforms[fields][14][]\" value=\"Fasan\" aria-errormessage=\"wpforms-7793-field_14_4-error\" aria-describedby=\"wpforms-7793-field_14-description\"  ><label class=\"wpforms-field-label-inline\" for=\"wpforms-7793-field_14_4\">Fasan<\/label><\/li><li class=\"choice-18 depth-1\"><input type=\"checkbox\" id=\"wpforms-7793-field_14_18\" name=\"wpforms[fields][14][]\" value=\"beliebige Fleischsorten gemischt\" aria-errormessage=\"wpforms-7793-field_14_18-error\" aria-describedby=\"wpforms-7793-field_14-description\"  ><label class=\"wpforms-field-label-inline\" for=\"wpforms-7793-field_14_18\">beliebige Fleischsorten gemischt<\/label><\/li><li class=\"choice-14 depth-1\"><input type=\"checkbox\" id=\"wpforms-7793-field_14_14\" name=\"wpforms[fields][14][]\" value=\"Seelachs &amp; Wildlachs gemischt\" aria-errormessage=\"wpforms-7793-field_14_14-error\" aria-describedby=\"wpforms-7793-field_14-description\"  ><label class=\"wpforms-field-label-inline\" for=\"wpforms-7793-field_14_14\">Seelachs &amp; Wildlachs gemischt<\/label><\/li><\/ul><div id=\"wpforms-7793-field_14-description\" class=\"wpforms-field-description\">Bitte beachten Sie, dass die Mindestbestellmenge bei Fisch-BARF bei 2 kg liegt. <\/div><\/fieldset><\/div><div id=\"wpforms-7793-field_15-container\" class=\"wpforms-field wpforms-field-text\" data-field-id=\"15\"><label class=\"wpforms-field-label\" for=\"wpforms-7793-field_15\">Anzahl der Portionen<\/label><input type=\"text\" id=\"wpforms-7793-field_15\" class=\"wpforms-field-small\" name=\"wpforms[fields][15]\" aria-errormessage=\"wpforms-7793-field_15-error\" aria-describedby=\"wpforms-7793-field_15-description\" ><div id=\"wpforms-7793-field_15-description\" class=\"wpforms-field-description\">Bitte geben Sie hier an, wie viele Tagesportionen Sie bestellen m\u00f6chten. <\/div><\/div><div id=\"wpforms-7793-field_8-container\" class=\"wpforms-field wpforms-field-text\" data-field-id=\"8\"><label class=\"wpforms-field-label\" for=\"wpforms-7793-field_8\">Gesamtgewicht aller Katzen<\/label><input type=\"text\" id=\"wpforms-7793-field_8\" class=\"wpforms-field-small\" name=\"wpforms[fields][8]\" aria-errormessage=\"wpforms-7793-field_8-error\" aria-describedby=\"wpforms-7793-field_8-description\" ><div id=\"wpforms-7793-field_8-description\" class=\"wpforms-field-description\">Bitte geben Sie hier in Kilogramm an, wie viel alle Katzen zusammen wiegen, f\u00fcr die das Futter bestimmt ist. Wenn sie bspw. drei Katzen \u00e0 4 kg haben, geben Sie 12 kg ein. <\/div><\/div>\t\t<div id=\"wpforms-7793-field_1-container\"\n\t\t\tclass=\"wpforms-field wpforms-field-text\"\n\t\t\tdata-field-type=\"text\"\n\t\t\tdata-field-id=\"1\"\n\t\t\t>\n\t\t\t<label class=\"wpforms-field-label\" for=\"wpforms-7793-field_1\" >oder Gesamtgewicht Rechnungsanschrift<\/label>\n\t\t\t<input type=\"text\" id=\"wpforms-7793-field_1\" class=\"wpforms-field-medium\" name=\"wpforms[fields][1]\" >\n\t\t<\/div>\n\t\t<div id=\"wpforms-7793-field_2-container\" class=\"wpforms-field wpforms-field-checkbox wpforms-list-3-columns\" data-field-id=\"2\"><fieldset><legend class=\"wpforms-field-label\">Aktivit\u00e4tsgrad und Besonderheiten<\/legend><ul id=\"wpforms-7793-field_2\" data-choice-limit=\"2\"><li class=\"choice-1 depth-1\"><input type=\"checkbox\" id=\"wpforms-7793-field_2_1\" data-rule-check-limit=\"true\" name=\"wpforms[fields][2][]\" value=\"wenig aktiv\" aria-errormessage=\"wpforms-7793-field_2_1-error\"  ><label class=\"wpforms-field-label-inline\" for=\"wpforms-7793-field_2_1\">wenig aktiv<\/label><\/li><li class=\"choice-2 depth-1\"><input type=\"checkbox\" id=\"wpforms-7793-field_2_2\" data-rule-check-limit=\"true\" name=\"wpforms[fields][2][]\" value=\"normal aktiv\" aria-errormessage=\"wpforms-7793-field_2_2-error\"  ><label class=\"wpforms-field-label-inline\" for=\"wpforms-7793-field_2_2\">normal aktiv<\/label><\/li><li class=\"choice-3 depth-1\"><input type=\"checkbox\" id=\"wpforms-7793-field_2_3\" data-rule-check-limit=\"true\" name=\"wpforms[fields][2][]\" value=\"sehr aktiv\" aria-errormessage=\"wpforms-7793-field_2_3-error\"  ><label class=\"wpforms-field-label-inline\" for=\"wpforms-7793-field_2_3\">sehr aktiv<\/label><\/li><li class=\"choice-4 depth-1\"><input type=\"checkbox\" id=\"wpforms-7793-field_2_4\" data-rule-check-limit=\"true\" name=\"wpforms[fields][2][]\" value=\"tragend\/laktierend\" aria-errormessage=\"wpforms-7793-field_2_4-error\"  ><label class=\"wpforms-field-label-inline\" for=\"wpforms-7793-field_2_4\">tragend\/laktierend<\/label><\/li><li class=\"choice-5 depth-1\"><input type=\"checkbox\" id=\"wpforms-7793-field_2_5\" data-rule-check-limit=\"true\" name=\"wpforms[fields][2][]\" value=\"kastriert\" aria-errormessage=\"wpforms-7793-field_2_5-error\"  ><label class=\"wpforms-field-label-inline\" for=\"wpforms-7793-field_2_5\">kastriert<\/label><\/li><\/ul><\/fieldset><\/div><div id=\"wpforms-7793-field_9-container\" class=\"wpforms-field wpforms-field-checkbox wpforms-list-inline\" data-field-id=\"9\"><fieldset><legend class=\"wpforms-field-label\">Krankheiten und Unvertr\u00e4glichkeiten<\/legend><ul id=\"wpforms-7793-field_9\"><li class=\"choice-1 depth-1\"><input type=\"checkbox\" id=\"wpforms-7793-field_9_1\" name=\"wpforms[fields][9][]\" value=\"Nahrungsmittelunvertr\u00e4glichkeit\" aria-errormessage=\"wpforms-7793-field_9_1-error\"  ><label class=\"wpforms-field-label-inline\" for=\"wpforms-7793-field_9_1\">Nahrungsmittelunvertr\u00e4glichkeit<\/label><\/li><li class=\"choice-2 depth-1\"><input type=\"checkbox\" id=\"wpforms-7793-field_9_2\" name=\"wpforms[fields][9][]\" value=\"Nahrungsmittelallergie\" aria-errormessage=\"wpforms-7793-field_9_2-error\"  ><label class=\"wpforms-field-label-inline\" for=\"wpforms-7793-field_9_2\">Nahrungsmittelallergie<\/label><\/li><li class=\"choice-3 depth-1\"><input type=\"checkbox\" id=\"wpforms-7793-field_9_3\" name=\"wpforms[fields][9][]\" value=\"chronische Erkrankung\" aria-errormessage=\"wpforms-7793-field_9_3-error\"  ><label class=\"wpforms-field-label-inline\" for=\"wpforms-7793-field_9_3\">chronische Erkrankung<\/label><\/li><\/ul><\/fieldset><\/div><div id=\"wpforms-7793-field_11-container\" class=\"wpforms-field wpforms-field-text\" data-field-id=\"11\"><label class=\"wpforms-field-label\" for=\"wpforms-7793-field_11\">Unvertr\u00e4glichkeit oder Erkrankung angeben<\/label><input type=\"text\" id=\"wpforms-7793-field_11\" class=\"wpforms-field-large\" name=\"wpforms[fields][11]\" aria-errormessage=\"wpforms-7793-field_11-error\" aria-describedby=\"wpforms-7793-field_11-description\" ><div id=\"wpforms-7793-field_11-description\" class=\"wpforms-field-description\">Bitte teilen Sie uns mit, an welcher Erkrankung Ihr Tier leidet oder welche Nahrungsmittelunvertr\u00e4glichkeit\/Allergie besteht. <\/div><\/div><div id=\"wpforms-7793-field_7-container\" class=\"wpforms-field wpforms-field-textarea\" data-field-id=\"7\"><label class=\"wpforms-field-label\" for=\"wpforms-7793-field_7\">Weitere relevante Informationen<\/label><textarea id=\"wpforms-7793-field_7\" class=\"wpforms-field-medium\" name=\"wpforms[fields][7]\" aria-errormessage=\"wpforms-7793-field_7-error\" aria-describedby=\"wpforms-7793-field_7-description\" ><\/textarea><div id=\"wpforms-7793-field_7-description\" class=\"wpforms-field-description\">Bitte teilen Sie uns hier weitere Informationen mit, die in den obigen Felder ggf. noch nicht abgefragt wurden. Je detaillierter Ihre Angaben sind, umso passender k\u00f6nnen wir das Futter f\u00fcr Ihre Katzen zusammenstellen. <\/div><\/div><script>\n\t\t\t\t( function() {\n\t\t\t\t\tconst style = document.createElement( 'style' );\n\t\t\t\t\tstyle.appendChild( document.createTextNode( '#wpforms-7793-field_1-container { position: absolute !important; overflow: hidden !important; display: inline !important; height: 1px !important; width: 1px !important; z-index: -1000 !important; padding: 0 !important; } #wpforms-7793-field_1-container input { visibility: hidden; } #wpforms-conversational-form-page #wpforms-7793-field_1-container label { counter-increment: none; }' ) );\n\t\t\t\t\tdocument.head.appendChild( style );\n\t\t\t\t\tdocument.currentScript?.remove();\n\t\t\t\t} )();\n\t\t\t<\/script><\/div><!-- .wpforms-field-container --><div class=\"wpforms-submit-container\" ><input type=\"hidden\" name=\"wpforms[id]\" value=\"7793\"><input type=\"hidden\" name=\"page_title\" value=\"\"><input type=\"hidden\" name=\"page_url\" value=\"https:\/\/woodpeckers-bkh.de\/en\/wp-json\/wp\/v2\/pages\/7787\"><input type=\"hidden\" name=\"url_referer\" value=\"\"><button type=\"submit\" name=\"wpforms[submit]\" id=\"wpforms-submit-7793\" class=\"wpforms-submit\" data-alt-text=\"Bestellung wird gesendet\u00a0\u2026\" data-submit-text=\"BARF bestellen\" aria-live=\"assertive\" value=\"wpforms-submit\">BARF bestellen<\/button><img src=\"https:\/\/woodpeckers-bkh.de\/wp-content\/plugins\/wpforms-lite\/assets\/images\/submit-spin.svg\" class=\"wpforms-submit-spinner\" style=\"display: none;\" width=\"26\" height=\"26\" alt=\"Loading\"><\/div><\/form><\/div>  <!-- .wpforms-container -->\n","protected":false},"excerpt":{"rendered":"<p>Wir freuen uns, ab sofort Fertigbarf zur Bestellung anbieten zu k\u00f6nnen. Unser Futter ist ein Alleinfuttermittel und ist als Fleisch- oder Fischvariante erh\u00e4ltlich. Unsere Rezepte werden individuell an den Bedarf Ihrer Katze(n) angepasst und k\u00f6nnen entweder per Versand erhalten oder in Eberswalde abgeholt werden. Bitte f\u00fcllen Sie das unten stehende Bestellformular aus. Erst nach Eingang [&hellip;]<\/p>\n","protected":false},"author":1,"featured_media":0,"parent":0,"menu_order":45,"comment_status":"closed","ping_status":"closed","template":"fullwidth-page.php","meta":{"footnotes":""},"_links":{"self":[{"href":"https:\/\/woodpeckers-bkh.de\/en\/wp-json\/wp\/v2\/pages\/7787"}],"collection":[{"href":"https:\/\/woodpeckers-bkh.de\/en\/wp-json\/wp\/v2\/pages"}],"about":[{"href":"https:\/\/woodpeckers-bkh.de\/en\/wp-json\/wp\/v2\/types\/page"}],"author":[{"embeddable":true,"href":"https:\/\/woodpeckers-bkh.de\/en\/wp-json\/wp\/v2\/users\/1"}],"replies":[{"embeddable":true,"href":"https:\/\/woodpeckers-bkh.de\/en\/wp-json\/wp\/v2\/comments?post=7787"}],"version-history":[{"count":3,"href":"https:\/\/woodpeckers-bkh.de\/en\/wp-json\/wp\/v2\/pages\/7787\/revisions"}],"predecessor-version":[{"id":7815,"href":"https:\/\/woodpeckers-bkh.de\/en\/wp-json\/wp\/v2\/pages\/7787\/revisions\/7815"}],"wp:attachment":[{"href":"https:\/\/woodpeckers-bkh.de\/en\/wp-json\/wp\/v2\/media?parent=7787"}],"curies":[{"name":"wp","href":"https:\/\/api.w.org\/{rel}","templated":true}]}}