{"id":84,"date":"2018-07-09T14:24:11","date_gmt":"2018-07-09T12:24:11","guid":{"rendered":"http:\/\/woodpeckers-bkh.de\/?page_id=84"},"modified":"2021-04-27T22:09:15","modified_gmt":"2021-04-27T20:09:15","slug":"tipps-empfehlungen","status":"publish","type":"page","link":"https:\/\/woodpeckers-bkh.de\/en\/informationen\/tipps-empfehlungen\/","title":{"rendered":"TIPS &amp; RECOMMENDATIONS"},"content":{"rendered":"<h3>B\u00dcCHER<\/h3>\n<p><img decoding=\"async\" loading=\"lazy\" class=\"size-full wp-image-250 alignleft\" src=\"https:\/\/woodpeckers-bkh.de\/wp-content\/uploads\/2018\/07\/buch1.jpg\" alt=\"\" width=\"155\" height=\"200\" \/><br \/>\n<a href=\"https:\/\/www.barfberatung-fiedler.de\/home\/shop\/literatur\/\" rel=\"noopener\" target=\"_blank\"><strong>einfach barf. Leitfaden f\u00fcr nat\u00fcrliche Katzenern\u00e4hrung<\/strong><\/a><br \/>\n<strong>Autorin<\/strong>: Doreen Fiedler<br \/>\n<strong>Verlag<\/strong>: BoD (Books on Demand)<br \/>\n<strong>Seitenzahl<\/strong>: 96 Seiten<br \/>\n<strong>erschienen<\/strong>: 2014<br \/>\n<strong>ISBN<\/strong>: 978-3-7357-9105-4<br \/>\n<strong>Preis<\/strong>: 12,90 EUR<br \/>\n&nbsp;<\/p>\n<p><img decoding=\"async\" loading=\"lazy\" class=\"size-full wp-image-251 alignleft\" src=\"https:\/\/woodpeckers-bkh.de\/wp-content\/uploads\/2018\/07\/buch2.jpg\" alt=\"\" width=\"155\" height=\"200\" \/><br \/>\n<a href=\"https:\/\/www.barfberatung-fiedler.de\/home\/shop\/literatur\/\" rel=\"noopener\" target=\"_blank\"><strong>Katzenern\u00e4hrung nach dem Vorbild der Natur. Barfen in allen Lebensphasen<\/strong><\/a><br \/>\n<strong>Autorin<\/strong>: Doreen Fiedler<br \/>\n<strong>Verlag<\/strong>: BoD (Books on Demand)<br \/>\n<strong>Seitenzahl<\/strong>: 178 Seiten<br \/>\n<strong>erschienen<\/strong>: 2014<br \/>\n<strong>ISBN<\/strong>: 978-3-7357-9047-7<br \/>\n<strong>Preis<\/strong>: 18,90 EUR<br \/>\n&nbsp;<\/p>\n<p><img decoding=\"async\" loading=\"lazy\" class=\"size-full wp-image-251 alignleft\" src=\"https:\/\/woodpeckers-bkh.de\/wp-content\/uploads\/2018\/07\/buch3.jpg\" alt=\"\" width=\"155\" height=\"200\" \/><br \/>\n<a href=\"https:\/\/www.barfberatung-fiedler.de\/home\/shop\/literatur\/\" rel=\"noopener\" target=\"_blank\"><strong>Bachbl\u00fcten f\u00fcr Katzen. Nat\u00fcrlich lindern und heilen<\/strong><\/a><br \/>\n<strong>Autorin<\/strong>: Doreen Fiedler<br \/>\n<strong>Verlag<\/strong>: BoD (Books on Demand)<br \/>\n<strong>Seitenzahl<\/strong>: 220 Seiten<br \/>\n<strong>erschienen<\/strong>: 2018<br \/>\n<strong>ISBN<\/strong>: 978-3-7460-5722-4<br \/>\n<strong>Preis<\/strong>: 19,90 EUR<\/p>\n<hr \/>\n<h3>LINKS<\/h3>\n<p>If you would like to link our site on your website, you can download our web banner here:<br \/>\n<img decoding=\"async\" loading=\"lazy\" src=\"https:\/\/woodpeckers-bkh.de\/wp-content\/uploads\/2018\/08\/entwurf4.jpg\" alt=\"\" width=\"600\" height=\"150\" class=\"alignnone size-full wp-image-435\" srcset=\"https:\/\/woodpeckers-bkh.de\/wp-content\/uploads\/2018\/08\/entwurf4.jpg 600w, https:\/\/woodpeckers-bkh.de\/wp-content\/uploads\/2018\/08\/entwurf4-300x75.jpg 300w\" sizes=\"(max-width: 600px) 100vw, 600px\" \/><\/p>\n<hr>\n<p><a href=\"https:\/\/www.barfberatung-fiedler.de\/\" target=\"_blank\" rel=\"noopener\"><img decoding=\"async\" class=\"alignnone size-full wp-image-163\" src=\"https:\/\/woodpeckers-bkh.de\/wp-content\/uploads\/2018\/07\/banner2-1.jpg\" alt=\"\" width=\"400\"\/><\/a><br \/>\n<a href=\"http:\/\/www.einfach-barf.de\/\" target=\"_blank\" rel=\"noopener\"><img decoding=\"async\" class=\"alignnone size-full wp-image-163\" src=\"https:\/\/woodpeckers-bkh.de\/wp-content\/uploads\/2018\/07\/banner2.jpg\" alt=\"\" width=\"400\"\/><\/a><br \/>\n<\/a><br \/>\n<a href=\"https:\/\/www.leylahs-sisaltraeume.de\/\" rel=\"noopener\" target=\"_blank\"><img decoding=\"async\" loading=\"lazy\" src=\"https:\/\/woodpeckers-bkh.de\/wp-content\/uploads\/2021\/03\/Banner-Leylas-Sisaltr\u00e4ume-1.jpg\" alt=\"\" width=\"540\" height=\"135\" class=\"alignnone size-full wp-image-490\" \/><br \/>\n<\/a><br \/>\n<a href=\"https:\/\/www.keramik-im-hof.de\/\" rel=\"noopener\" target=\"_blank\"><img decoding=\"async\" loading=\"lazy\" src=\"https:\/\/woodpeckers-bkh.de\/wp-content\/uploads\/2021\/03\/Keramik-im-Hof-selbst-ausgeschnitten.png\" alt=\"\" width=\"365\" height=\"122\" class=\"alignnone size-full wp-image-490\" \/><br \/>\n<\/a><br \/>\n<a href=\"https:\/\/drapaki.pl\/index.php?currency=EUR&#038;language=ge\" target=\"_blank\" title=\"Kratzb\u00e4ume - drapaki.pl\"><img decoding=\"async\" alt=\"Drapaki.pl - Kratzb\u00e4ume\" src=\"http:\/\/woodpeckers-bkh.de\/wp-content\/uploads\/2019\/11\/cache_2466455012.png\" style=\"width: 800px; height: 120px; border-width: 0px; border-style: solid;\" \/><br \/>\n<\/a><br \/>\n<a href=\"http:\/\/www.westsachsencats.de\/\" target=\"_blank\" rel=\"noopener\"><img decoding=\"async\" class=\"alignnone size-full wp-image-165\" src=\"https:\/\/woodpeckers-bkh.de\/wp-content\/uploads\/2018\/07\/logo_wcc.jpg\" alt=\"\"width=\"200\"\/><br \/>\n<\/a><br \/>\n<a href=\"https:\/\/www.kleintierspezialisten.de\" rel=\"noopener\" target=\"_blank\"><img decoding=\"async\" src=\"https:\/\/www.kleintierspezialisten.de\/img\/nav-logo.png\" alt=\"Kleintierspezialisten Berlin Brandenburg\" \/><\/a><br \/>\n<\/a><br \/>\n<a href=\"http:\/\/www.tierarztpraxis-freistedt.de\/\" rel=\"noopener\" target=\"_blank\"><img decoding=\"async\" src=\"http:\/\/www.tierarztpraxis-freistedt.de\/attachments\/Image\/Logo-Laura2.JPG\" alt=\"\"width=\"200\" \/><\/a><\/p>","protected":false},"excerpt":{"rendered":"<p>B\u00dcCHER einfach barf. Leitfaden f\u00fcr nat\u00fcrliche Katzenern\u00e4hrung Autorin: Doreen Fiedler Verlag: BoD (Books on Demand) Seitenzahl: 96 Seiten erschienen: 2014 ISBN: 978-3-7357-9105-4 Preis: 12,90 EUR &nbsp; Katzenern\u00e4hrung nach dem Vorbild der Natur. Barfen in allen Lebensphasen Autorin: Doreen Fiedler Verlag: BoD (Books on Demand) Seitenzahl: 178 Seiten erschienen: 2014 ISBN: 978-3-7357-9047-7 Preis: 18,90 EUR &nbsp; [&hellip;]<\/p>\n","protected":false},"author":1,"featured_media":0,"parent":28,"menu_order":20,"comment_status":"closed","ping_status":"closed","template":"fullwidth-page.php","meta":{"footnotes":""},"_links":{"self":[{"href":"https:\/\/woodpeckers-bkh.de\/en\/wp-json\/wp\/v2\/pages\/84"}],"collection":[{"href":"https:\/\/woodpeckers-bkh.de\/en\/wp-json\/wp\/v2\/pages"}],"about":[{"href":"https:\/\/woodpeckers-bkh.de\/en\/wp-json\/wp\/v2\/types\/page"}],"author":[{"embeddable":true,"href":"https:\/\/woodpeckers-bkh.de\/en\/wp-json\/wp\/v2\/users\/1"}],"replies":[{"embeddable":true,"href":"https:\/\/woodpeckers-bkh.de\/en\/wp-json\/wp\/v2\/comments?post=84"}],"version-history":[{"count":36,"href":"https:\/\/woodpeckers-bkh.de\/en\/wp-json\/wp\/v2\/pages\/84\/revisions"}],"predecessor-version":[{"id":5239,"href":"https:\/\/woodpeckers-bkh.de\/en\/wp-json\/wp\/v2\/pages\/84\/revisions\/5239"}],"up":[{"embeddable":true,"href":"https:\/\/woodpeckers-bkh.de\/en\/wp-json\/wp\/v2\/pages\/28"}],"wp:attachment":[{"href":"https:\/\/woodpeckers-bkh.de\/en\/wp-json\/wp\/v2\/media?parent=84"}],"curies":[{"name":"wp","href":"https:\/\/api.w.org\/{rel}","templated":true}]}}