{"id":88,"date":"2018-07-09T14:26:09","date_gmt":"2018-07-09T12:26:09","guid":{"rendered":"http:\/\/woodpeckers-bkh.de\/?page_id=88"},"modified":"2021-04-27T22:06:57","modified_gmt":"2021-04-27T20:06:57","slug":"barf","status":"publish","type":"page","link":"https:\/\/woodpeckers-bkh.de\/en\/informationen\/barf\/","title":{"rendered":"BARF"},"content":{"rendered":"<p><img decoding=\"async\" loading=\"lazy\" src=\"https:\/\/woodpeckers-bkh.de\/wp-content\/uploads\/2018\/07\/barf.jpg\" alt=\"\" width=\"940\" height=\"380\" class=\"alignnone size-full wp-image-283\" srcset=\"https:\/\/woodpeckers-bkh.de\/wp-content\/uploads\/2018\/07\/barf.jpg 940w, https:\/\/woodpeckers-bkh.de\/wp-content\/uploads\/2018\/07\/barf-300x121.jpg 300w, https:\/\/woodpeckers-bkh.de\/wp-content\/uploads\/2018\/07\/barf-768x310.jpg 768w\" sizes=\"(max-width: 940px) 100vw, 940px\" \/><br \/>\nThe term BARF originally comes from English and means <strong>B<\/strong>ones <strong>A<\/strong>nd <strong>R<\/strong>aw <strong>F<\/strong>ood. In German: <strong>B<\/strong>iologisch <strong>A<\/strong>rtgerechtes <strong>R<\/strong>ohes <strong>F<\/strong>utter. BARF is therefore raw food, which is intended to do justice to the biological way of life of our cats as prey hunters, and thus offers our strict carnivores species-appropriate nutrition.<\/p>\n<h3>How is species-appropriate feed made up?<\/h3>\n<div class=\"bg-margin-for-link\"><input type='hidden' bg_collapse_expand='69df2113e2a753048605603' value='69df2113e2a753048605603'><input type='hidden' id='bg-show-more-text-69df2113e2a753048605603' value='mehr Informationen'><input type='hidden' id='bg-show-less-text-69df2113e2a753048605603' value='Zur\u00fcck'><a id='bg-showmore-action-69df2113e2a753048605603' class='bg-showmore-plg-link'  style=\" color:#1c7c7c;;\" href='#'>show more\/less<\/a><div id='bg-showmore-hidden-69df2113e2a753048605603' ><br \/>\nAccordingly, BARF mainly consists of muscle meat and feed products of animal origin such as bones or fleshy bones and offal.<br \/>\nThe following types of meat are very popular with most cats and are therefore often used for BARF: chicken, turkey, duck, goose, beef, lamb, sheep, but also rabbit, game such as deer and roe deer, horse, goat and exotic types of meat such as ostrich, Kangaroo, reindeer, moose or alpaca.<br \/>\nA special feature applies to pork and wild boar: These types can contain the Aujeszky pathogen and should therefore only be fed cooked to be on the safe side.<br \/>\nFish can also be used, because it offers a lot of high-quality protein, as fish contains little connective tissue, but many minerals and trace elements and, above all, valuable unsaturated fatty acids. Well-suited types of fish include pollock, cod or cod, plaice, salmon, trout, mackerel and tuna. Some types of fish contain the enzyme thiaminase, which destroys thiamine, i.e. vitamin B1. If you are unsure whether the fish you are feeding contains thiaminase, you should either cook the fish or supplement with an extra dose of B vitamins. The varieties mentioned above are thiaminase-free and can be fed without hesitation.<\/p>\n<p>If the meat is very lean, animal fat such as lard or tallow is added to ensure sufficient energy supply and to provide the cat with the necessary fatty acids. Fish oil (salmon oil) can and should also be added to supplement other important fatty acids in the feed and to balance the fatty acid ratio.<\/p>\n<p>In order to replace the contents of the stomach and intestines as well as the fur or plumage of the prey, a small proportion of vegetable feed material is usually added. In this way, fibers are supplied and a well-functioning intestinal flora is guaranteed.<br \/>\nGrated raw carrots are often used in BARF. Tomatoes or zucchini are also often used, as are pumpkin or boiled, mashed potatoes. Long-boiled rice or pasta can also be used, as well as soaked psyllium husks, vegetable flakes or cereal flakes. Onions and garlic should be avoided, as should avocados or types of cabbage such as cauliflower, broccoli or other flatulent types such as legumes.<\/p>\n<p>Since the meat that we get in stores is usually bled and it can also be difficult to get all of the innards, the meat, together with the innards and bones, usually does not yet contain all the nutrients that the cat needs. These are added to the feed in the form of supplements, which are usually called \u201csupplements\u201d in BARF.<br \/>\n<\/div><\/div>\n<h3>Different BARF variants<\/h3>\n<div class=\"bg-margin-for-link\"><input type='hidden' bg_collapse_expand='69df2113e2bf51064266729' value='69df2113e2bf51064266729'><input type='hidden' id='bg-show-more-text-69df2113e2bf51064266729' value='mehr Informationen'><input type='hidden' id='bg-show-less-text-69df2113e2bf51064266729' value='Zur\u00fcck'><a id='bg-showmore-action-69df2113e2bf51064266729' class='bg-showmore-plg-link'  style=\" color:#1c7c7c;;\" href='#'>show more\/less<\/a><div id='bg-showmore-hidden-69df2113e2bf51064266729' ><\/p>\n<h5>Prey<\/h5>\n<p>The most natural BARF variant is probably the Prey model. \"Prey\" is English and means \"prey\". With this BARF variant, the cat is actually fed whole, complete prey. Day-old chicks, mice and rats of various sizes and stages of development are the most common. In appropriate shops for reptiles or zoo supplies you can also get other feed animals such as guinea pigs, gerbils, chickens, ducks, pigeons, pheasants, etc.<br \/>\nBecause these animals are bred for animal feeding, and therefore do not feed in the wild, their amino acid and fatty acid profile does not match that of cats' natural, wild prey. Food animals tend to be more fatty and contain more omega-6 and less omega-3 fatty acids than wild prey. Due to the higher fat content, they also contain less protein and amino acids than wild prey. Since relatively young animals are usually sold as feed animals, the bones are often not mineralized to the same extent and therefore contain fewer minerals than wild, adult prey.<br \/>\nNonetheless, prey is a very natural approach to leadership, especially when you feed a variety of foods and use many different feeders.<\/p>\n<h5>Frankenprey<\/h5>\n<p>The variant that Prey most closely emulates is Frankenprey's method, in which the prey is to be recreated from individual animal ingredients as in Frankenstein's laboratory.<br \/>\nFrankenprey consists of muscle meat, bones and a relatively high proportion of innards, because this approach aims to avoid nutrient supplements as far as possible.<br \/>\nIf you can really feed all parts of the animal and also all of the innards, plus high-quality muscle meat and bones, supplemented with fish and blood, then cats can be fed high-quality and naturally with a diet based on the Frankenprey principle. However, it may be difficult to obtain all of the animal's parts and innards. Examples of readily available offal are heart, stomach, and liver. Lungs and kidneys are also relatively easy to obtain. Various providers also have spleen in their program. Other innards, such as the brain, diaphragm, gonads, etc., as would be necessary to imitate a complete prey animal, are very difficult or impossible to obtain.<br \/>\nThe vitamin E question has not yet been finally clarified. Vitamin E occurs in appreciable amounts mainly in the plant world. So far there is no animal feed component that contains enough vitamin E to meet the cat's needs. Therefore, vitamin E should always be supplemented with Frankenprey. Taurine supplementation is also appropriate, as there have not yet been sufficient nutritional value analyzes to ensure that the innards actually contain enough taurine in the feed. Taurine is found primarily in the brain, eyes and germ cells - all of which are offal that are not normally commercially available and consequently not fed.<\/p>\n<h5>Classic barf with supplements<\/h5>\n<p>In the case of classic BARF with supplements, the food consists of meat, a naturally small amount of innards \u2013 mostly hearts and stomachs \u2013 possibly some bones and some vegetables. The missing nutrients are supplemented with appropriate natural supplements or supplements.<br \/>\nThe disadvantage of BARF with supplements is that you add \"powder\" to the cat food and it may not be as natural as Prey or Frankenprey.<br \/>\nThe advantage, however, is that all the nutrients can be added according to the individual needs of the cat and the food ultimately contains all the nutrients in a sufficient dose without risking overdoses.<br \/>\nDue to the low proportion of offal required (compared to the Frankenprey), the food can be very varied and it is very possible to cater to the cat's taste preferences (e.g. if the cat does not like heart or prefers only to eat poultry).<br \/>\n<\/div><\/div>\n<h3>The types of supplementation<\/h3>\n<div class=\"bg-margin-for-link\"><input type='hidden' bg_collapse_expand='69df2113e2d2f2007957440' value='69df2113e2d2f2007957440'><input type='hidden' id='bg-show-more-text-69df2113e2d2f2007957440' value='mehr Informationen'><input type='hidden' id='bg-show-less-text-69df2113e2d2f2007957440' value='Zur\u00fcck'><a id='bg-showmore-action-69df2113e2d2f2007957440' class='bg-showmore-plg-link'  style=\" color:#1c7c7c;;\" href='#'>show more\/less<\/a><div id='bg-showmore-hidden-69df2113e2d2f2007957440' ><br \/>\nThere are different approaches to supplementing BARF. You can use ready-made supplement mixtures, make natural supplements according to a blanket recipe or create an individually calculated recipe with individual supplements.<\/p>\n<h5>supplement blends<\/h5>\n<p>The advantages of using ready-made supplement mixtures are that you usually do not need a calculated prescription, the dosage is uncomplicated and, above all, you do not have to have the individual preparations in stock.<br \/>\nThe disadvantages are that you should feed them a lot of variety, otherwise there will inevitably be over- and undersupply of nutrients.<br \/>\nThere are different mixtures for cat BARF on the market. Some contain all the nutrients the cat needs, others are not fully balanced, requiring the addition of other supplements.<br \/>\nSupplement mixtures are, for example, Felini Complete, TCPremix or the basic mixtures from \"Barfberatung Fiedler\".<\/p>\n<h5>general recipes<\/h5>\n<p>In the case of general recipes, individual supplements are always added to the meat in the same dosage and not individually calculated.<br \/>\nThe advantage of this variant of supplementation lies in the low computational effort and the fact that - in contrast to some ready-made mixtures - you can decide for yourself which ingredients end up in the cat's bowl.<br \/>\nThe disadvantage is the great variety required \u2013 as with the ready-made supplement mixtures \u2013 because even with general supplementation, slight over- and underdosing of the nutrients can inevitably occur over the long term.<\/p>\n<h5>Individually calculated recipes<\/h5>\n<p>With this method, the recipes are calculated individually according to the nutritional needs of each cat (according to weight and activity). The daily amount eaten and the nutrient content of the types of meat used are also taken into account.<br \/>\nThe advantages are that with correctly calculated recipes, nutrient oversupply and undersupply are almost impossible. In addition, the large deviation in this method is not quite as significant as in the previous two variants. With calculated recipes, you can also respond precisely to illnesses and individual nutritional needs of the respective cat.<br \/>\nThe disadvantage is an increased calculating effort.<br \/>\n<img loading=\"lazy\" src=\"https:\/\/woodpeckers-bkh.de\/wp-content\/uploads\/2023\/03\/food.jpg\" alt=\"\" width=\"940\" height=\"622\" class=\"alignnone size-full wp-image-324\" \/><br \/>\nExample: A balanced diet for cats can consist of these ingredients.<br \/>\n<\/div><\/div>\n<hr>\n<p><em>Source: Doreen Fiedler \u2013 Katzenern\u00e4hrung nach dem Vorbild der Natur <\/em><\/p>","protected":false},"excerpt":{"rendered":"<p>Der Begriff BARF stammt urspr\u00fcnglich aus dem Englischen und bedeutet Bones And Raw Food. In der w\u00f6rtlichen \u00dcbersetzung bedeutet BARF also &#8222;Knochen und rohes Futter&#8220;. Eingedeutscht wird BARF in der Regel als Biologisch Artgerechtes Rohes Futter bezeichnet. BARF ist also ein rohes Futter, welches der biologischen Lebensweise unserer Katzen als Beutej\u00e4ger gerecht werden soll, und [&hellip;]<\/p>\n","protected":false},"author":1,"featured_media":0,"parent":28,"menu_order":10,"comment_status":"closed","ping_status":"closed","template":"fullwidth-page.php","meta":{"footnotes":""},"_links":{"self":[{"href":"https:\/\/woodpeckers-bkh.de\/en\/wp-json\/wp\/v2\/pages\/88"}],"collection":[{"href":"https:\/\/woodpeckers-bkh.de\/en\/wp-json\/wp\/v2\/pages"}],"about":[{"href":"https:\/\/woodpeckers-bkh.de\/en\/wp-json\/wp\/v2\/types\/page"}],"author":[{"embeddable":true,"href":"https:\/\/woodpeckers-bkh.de\/en\/wp-json\/wp\/v2\/users\/1"}],"replies":[{"embeddable":true,"href":"https:\/\/woodpeckers-bkh.de\/en\/wp-json\/wp\/v2\/comments?post=88"}],"version-history":[{"count":25,"href":"https:\/\/woodpeckers-bkh.de\/en\/wp-json\/wp\/v2\/pages\/88\/revisions"}],"predecessor-version":[{"id":5238,"href":"https:\/\/woodpeckers-bkh.de\/en\/wp-json\/wp\/v2\/pages\/88\/revisions\/5238"}],"up":[{"embeddable":true,"href":"https:\/\/woodpeckers-bkh.de\/en\/wp-json\/wp\/v2\/pages\/28"}],"wp:attachment":[{"href":"https:\/\/woodpeckers-bkh.de\/en\/wp-json\/wp\/v2\/media?parent=88"}],"curies":[{"name":"wp","href":"https:\/\/api.w.org\/{rel}","templated":true}]}}